{"id":200,"date":"2024-02-03T16:58:02","date_gmt":"2024-02-03T16:58:02","guid":{"rendered":"https:\/\/www.aroshvund.se\/?page_id=200"},"modified":"2024-02-04T17:45:18","modified_gmt":"2024-02-04T17:45:18","slug":"ansok","status":"publish","type":"page","link":"https:\/\/www.aroshvund.se\/?page_id=200","title":{"rendered":"ANS\u00d6K"},"content":{"rendered":"\n<p>Livet p\u00e5 ett underr\u00e4ttelsekompani \u00e4r inte som p\u00e5 andra bevaknings- och insatskompanier. Man \u00e4r oftast l\u00e5ngt borta fr\u00e5n bekv\u00e4mligheter och sin n\u00e4rmsta chef. Det \u00e4r kallt, tungt och tidvis en inneh\u00e5llsl\u00f6s vardag d\u00e4r du f\u00f6rv\u00e4ntas kunna tempov\u00e4xla snabbt och uppr\u00e4tth\u00e5lla ditt stridsv\u00e4rde \u00f6ver tid. <\/p>\n\n\n\n<p>Erfarenhetsm\u00e4ssigt har det visat sig att om man inte uppr\u00e4tth\u00e5ller sin fysiska f\u00f6rm\u00e5ga p\u00e5 fritiden s\u00e5 kommer man ha sv\u00e5rt att klara av insatser och \u00f6vningar p\u00e5 kompaniet. <\/p>\n\n\n\n<figure class=\"wp-block-gallery has-nested-images columns-default is-cropped wp-block-gallery-1 is-layout-flex wp-block-gallery-is-layout-flex\">\n<figure class=\"wp-block-image size-large\"><img loading=\"lazy\" decoding=\"async\" width=\"1036\" height=\"1557\" data-id=\"218\" src=\"https:\/\/www.aroshvund.se\/wp-content\/uploads\/2024\/02\/285006279_10160871881554252_3413352653981344108_n.MASKAD-edited.jpeg\" alt=\"\" class=\"wp-image-218\" srcset=\"https:\/\/www.aroshvund.se\/wp-content\/uploads\/2024\/02\/285006279_10160871881554252_3413352653981344108_n.MASKAD-edited.jpeg 1036w, https:\/\/www.aroshvund.se\/wp-content\/uploads\/2024\/02\/285006279_10160871881554252_3413352653981344108_n.MASKAD-edited-200x300.jpeg 200w, https:\/\/www.aroshvund.se\/wp-content\/uploads\/2024\/02\/285006279_10160871881554252_3413352653981344108_n.MASKAD-edited-681x1024.jpeg 681w, https:\/\/www.aroshvund.se\/wp-content\/uploads\/2024\/02\/285006279_10160871881554252_3413352653981344108_n.MASKAD-edited-768x1154.jpeg 768w, https:\/\/www.aroshvund.se\/wp-content\/uploads\/2024\/02\/285006279_10160871881554252_3413352653981344108_n.MASKAD-edited-1022x1536.jpeg 1022w\" sizes=\"auto, (max-width: 767px) 89vw, (max-width: 1000px) 54vw, (max-width: 1071px) 543px, 580px\" \/><figcaption class=\"wp-element-caption\">Kort rast<\/figcaption><\/figure>\n\n\n\n<figure class=\"wp-block-image size-large\"><img loading=\"lazy\" decoding=\"async\" width=\"1024\" height=\"682\" data-id=\"91\" src=\"https:\/\/www.aroshvund.se\/wp-content\/uploads\/2024\/02\/284951738_10160871881734252_2547925921746057110_n-1024x682.jpg\" alt=\"\" class=\"wp-image-91\" srcset=\"https:\/\/www.aroshvund.se\/wp-content\/uploads\/2024\/02\/284951738_10160871881734252_2547925921746057110_n-1024x682.jpg 1024w, https:\/\/www.aroshvund.se\/wp-content\/uploads\/2024\/02\/284951738_10160871881734252_2547925921746057110_n-300x200.jpg 300w, https:\/\/www.aroshvund.se\/wp-content\/uploads\/2024\/02\/284951738_10160871881734252_2547925921746057110_n-768x511.jpg 768w, https:\/\/www.aroshvund.se\/wp-content\/uploads\/2024\/02\/284951738_10160871881734252_2547925921746057110_n-1536x1022.jpg 1536w, https:\/\/www.aroshvund.se\/wp-content\/uploads\/2024\/02\/284951738_10160871881734252_2547925921746057110_n.jpg 2048w\" sizes=\"auto, (max-width: 767px) 89vw, (max-width: 1000px) 54vw, (max-width: 1071px) 543px, 580px\" \/><figcaption class=\"wp-element-caption\">Framryckning<\/figcaption><\/figure>\n\n\n\n<figure class=\"wp-block-image size-large\"><img loading=\"lazy\" decoding=\"async\" width=\"1126\" height=\"1502\" data-id=\"217\" src=\"https:\/\/www.aroshvund.se\/wp-content\/uploads\/2024\/02\/IMG_2898-edited.jpeg\" alt=\"\" class=\"wp-image-217\" srcset=\"https:\/\/www.aroshvund.se\/wp-content\/uploads\/2024\/02\/IMG_2898-edited.jpeg 1126w, https:\/\/www.aroshvund.se\/wp-content\/uploads\/2024\/02\/IMG_2898-edited-225x300.jpeg 225w, https:\/\/www.aroshvund.se\/wp-content\/uploads\/2024\/02\/IMG_2898-edited-768x1024.jpeg 768w\" sizes=\"auto, (max-width: 767px) 89vw, (max-width: 1000px) 54vw, (max-width: 1071px) 543px, 580px\" \/><figcaption class=\"wp-element-caption\">Patrull<\/figcaption><\/figure>\n<\/figure>\n\n\n\n<p>Vi best\u00e5r fr\u00e4mst av gamla j\u00e4gar-, spanings-, s\u00e4k- och amfibiesoldater men v\u00e4lkomnar alltid nya kamrater oavsett bakgrund. Har man ingen erfarenhet av spaning s\u00e5 f\u00f6rv\u00e4ntas man dock att tillskansa sig s\u00e5dan genom kompletterande utbildning f\u00f6rsta \u00e5ren.<\/p>\n\n\n\n<p>F\u00f6r att s\u00f6ka till kompaniet m\u00e5ste du skapa ett konto och g\u00f6ra en ans\u00f6kan via &#8221;Mitt F\u00f6rsvarsmakten&#8221;. I fritextf\u00e4ltet ange &#8221;214. HvUnd&#8221; och vilken befattning du \u00e4r intresserad av s\u00e5 kommer ans\u00f6kan till oss. B\u00e4st \u00e4r att \u00e4ven <a href=\"mailto:info@aroshvund.se\">mailledes<\/a> kontakta oss och meddela att du ans\u00f6kt.<\/p>\n\n\n\n<div class=\"wp-block-buttons is-layout-flex wp-block-buttons-is-layout-flex\">\n<div class=\"wp-block-button\"><a class=\"wp-block-button__link wp-element-button\" href=\"https:\/\/mitt.forsvarsmakten.se\/homeguard-info\">ANS\u00d6K<\/a><\/div>\n<\/div>\n\n\n\n<p><\/p>\n\n\n\n<figure class=\"wp-block-embed is-type-video is-provider-youtube wp-block-embed-youtube wp-embed-aspect-16-9 wp-has-aspect-ratio\"><div class=\"wp-block-embed__wrapper\">\n<iframe loading=\"lazy\" title=\"\u201dVi \u00e4r helt ovanliga m\u00e4nniskor\u201d Hemv\u00e4rnet 36 sek, F\u00f6rsvarsmakten reklamfilm 2023\" width=\"525\" height=\"295\" src=\"https:\/\/www.youtube.com\/embed\/SAC-Axpq0PI?feature=oembed\" frameborder=\"0\" allow=\"accelerometer; autoplay; clipboard-write; encrypted-media; gyroscope; picture-in-picture; web-share\" referrerpolicy=\"strict-origin-when-cross-origin\" allowfullscreen><\/iframe>\n<\/div><\/figure>\n\n\n\n<p><\/p>\n\n\n\n<p><\/p>\n\n\n\n<p><\/p>\n","protected":false},"excerpt":{"rendered":"<p>Livet p\u00e5 ett underr\u00e4ttelsekompani \u00e4r inte som p\u00e5 andra bevaknings- och insatskompanier. Man \u00e4r oftast l\u00e5ngt borta fr\u00e5n bekv\u00e4mligheter och sin n\u00e4rmsta chef. Det \u00e4r kallt, tungt och tidvis en inneh\u00e5llsl\u00f6s vardag d\u00e4r du f\u00f6rv\u00e4ntas kunna tempov\u00e4xla snabbt och uppr\u00e4tth\u00e5lla ditt stridsv\u00e4rde \u00f6ver tid. Erfarenhetsm\u00e4ssigt har det visat sig att om man inte uppr\u00e4tth\u00e5ller sin &hellip; <\/p>\n<p class=\"link-more\"><a href=\"https:\/\/www.aroshvund.se\/?page_id=200\" class=\"more-link\">Forts\u00e4tt l\u00e4sa<span class=\"screen-reader-text\"> \u201dANS\u00d6K\u201d<\/span><\/a><\/p>\n","protected":false},"author":1,"featured_media":0,"parent":0,"menu_order":0,"comment_status":"closed","ping_status":"closed","template":"","meta":{"footnotes":""},"class_list":["post-200","page","type-page","status-publish","hentry"],"_links":{"self":[{"href":"https:\/\/www.aroshvund.se\/index.php?rest_route=\/wp\/v2\/pages\/200","targetHints":{"allow":["GET"]}}],"collection":[{"href":"https:\/\/www.aroshvund.se\/index.php?rest_route=\/wp\/v2\/pages"}],"about":[{"href":"https:\/\/www.aroshvund.se\/index.php?rest_route=\/wp\/v2\/types\/page"}],"author":[{"embeddable":true,"href":"https:\/\/www.aroshvund.se\/index.php?rest_route=\/wp\/v2\/users\/1"}],"replies":[{"embeddable":true,"href":"https:\/\/www.aroshvund.se\/index.php?rest_route=%2Fwp%2Fv2%2Fcomments&post=200"}],"version-history":[{"count":10,"href":"https:\/\/www.aroshvund.se\/index.php?rest_route=\/wp\/v2\/pages\/200\/revisions"}],"predecessor-version":[{"id":222,"href":"https:\/\/www.aroshvund.se\/index.php?rest_route=\/wp\/v2\/pages\/200\/revisions\/222"}],"wp:attachment":[{"href":"https:\/\/www.aroshvund.se\/index.php?rest_route=%2Fwp%2Fv2%2Fmedia&parent=200"}],"curies":[{"name":"wp","href":"https:\/\/api.w.org\/{rel}","templated":true}]}}