{"id":209,"date":"2024-02-04T17:10:24","date_gmt":"2024-02-04T17:10:24","guid":{"rendered":"https:\/\/www.aroshvund.se\/?page_id=209"},"modified":"2024-02-11T10:23:32","modified_gmt":"2024-02-11T10:23:32","slug":"kontakt","status":"publish","type":"page","link":"https:\/\/www.aroshvund.se\/?page_id=209","title":{"rendered":"KONTAKT"},"content":{"rendered":"\n<p>\u00c4r det n\u00e5got du undrar \u00f6ver?<\/p>\n\n\n\n<div class=\"wp-block-buttons is-layout-flex wp-block-buttons-is-layout-flex\">\n<div class=\"wp-block-button\"><a class=\"wp-block-button__link wp-element-button\" href=\"mailto:info@aroshvund.se\">KONTAKTA OSS<\/a><\/div>\n<\/div>\n\n\n\n<p><\/p>\n\n\n\n<p>Har du blivit kallad p\u00e5 intervju? Vi m\u00f6ter upp dig vid vakten p\u00e5 adressen nedan vid \u00f6verenskommen tidpunkt.<\/p>\n\n\n<p><iframe src=\"https:\/\/www.google.com\/maps\/embed?pb=!1m18!1m12!1m3!1d2015.9809392985344!2d17.111990713432476!3d59.64996668520808!2m3!1f0!2f0!3f0!3m2!1i1024!2i768!4f13.1!3m3!1m2!1s0x465e51d47eaf553b%3A0x3b112ae46d554ad2!2sF%C3%B6rsvarsmakten%20Ledningsregementet%20LedR!5e0!3m2!1ssv!2sse!4v1707066367896!5m2!1ssv!2sse\" width=\"600\" height=\"450\" style=\"border:0;\" allowfullscreen=\"\" loading=\"lazy\" referrerpolicy=\"no-referrer-when-downgrade\"><\/iframe><\/p>","protected":false},"excerpt":{"rendered":"<p>\u00c4r det n\u00e5got du undrar \u00f6ver? Har du blivit kallad p\u00e5 intervju? Vi m\u00f6ter upp dig vid vakten p\u00e5 adressen nedan vid \u00f6verenskommen tidpunkt.<\/p>\n","protected":false},"author":1,"featured_media":0,"parent":0,"menu_order":0,"comment_status":"closed","ping_status":"closed","template":"","meta":{"footnotes":""},"class_list":["post-209","page","type-page","status-publish","hentry"],"_links":{"self":[{"href":"https:\/\/www.aroshvund.se\/index.php?rest_route=\/wp\/v2\/pages\/209","targetHints":{"allow":["GET"]}}],"collection":[{"href":"https:\/\/www.aroshvund.se\/index.php?rest_route=\/wp\/v2\/pages"}],"about":[{"href":"https:\/\/www.aroshvund.se\/index.php?rest_route=\/wp\/v2\/types\/page"}],"author":[{"embeddable":true,"href":"https:\/\/www.aroshvund.se\/index.php?rest_route=\/wp\/v2\/users\/1"}],"replies":[{"embeddable":true,"href":"https:\/\/www.aroshvund.se\/index.php?rest_route=%2Fwp%2Fv2%2Fcomments&post=209"}],"version-history":[{"count":3,"href":"https:\/\/www.aroshvund.se\/index.php?rest_route=\/wp\/v2\/pages\/209\/revisions"}],"predecessor-version":[{"id":229,"href":"https:\/\/www.aroshvund.se\/index.php?rest_route=\/wp\/v2\/pages\/209\/revisions\/229"}],"wp:attachment":[{"href":"https:\/\/www.aroshvund.se\/index.php?rest_route=%2Fwp%2Fv2%2Fmedia&parent=209"}],"curies":[{"name":"wp","href":"https:\/\/api.w.org\/{rel}","templated":true}]}}