{"id":52,"date":"2024-02-02T20:52:40","date_gmt":"2024-02-02T20:52:40","guid":{"rendered":"https:\/\/aroshvund.se\/?page_id=52"},"modified":"2024-02-05T20:14:37","modified_gmt":"2024-02-05T20:14:37","slug":"befattningar","status":"publish","type":"page","link":"https:\/\/www.aroshvund.se\/?page_id=52","title":{"rendered":"BEFATTNINGAR"},"content":{"rendered":"\n<p>Nedan s\u00e5 presenteras n\u00e5gra av f\u00f6rbandets vanligaste befattningar. \u00c4r du nyfiken p\u00e5 andra? <a href=\"mailto:info@aroshvund.se\">Kontakta<\/a> oss s\u00e5 ber\u00e4ttar vi mer!<\/p>\n\n\n\n<p><\/p>\n\n\n\n<div class=\"wp-block-media-text is-stacked-on-mobile is-vertically-aligned-center\" style=\"grid-template-columns:53% auto\"><figure class=\"wp-block-media-text__media\"><img loading=\"lazy\" decoding=\"async\" width=\"682\" height=\"1024\" src=\"https:\/\/aroshvund.se\/wp-content\/uploads\/2024\/02\/284950597_10160871881609252_426806556965790641_n.jMASKAD-682x1024.jpeg\" alt=\"\" class=\"wp-image-89 size-full\" srcset=\"https:\/\/www.aroshvund.se\/wp-content\/uploads\/2024\/02\/284950597_10160871881609252_426806556965790641_n.jMASKAD-682x1024.jpeg 682w, https:\/\/www.aroshvund.se\/wp-content\/uploads\/2024\/02\/284950597_10160871881609252_426806556965790641_n.jMASKAD-200x300.jpeg 200w, https:\/\/www.aroshvund.se\/wp-content\/uploads\/2024\/02\/284950597_10160871881609252_426806556965790641_n.jMASKAD-768x1154.jpeg 768w, https:\/\/www.aroshvund.se\/wp-content\/uploads\/2024\/02\/284950597_10160871881609252_426806556965790641_n.jMASKAD-1022x1536.jpeg 1022w, https:\/\/www.aroshvund.se\/wp-content\/uploads\/2024\/02\/284950597_10160871881609252_426806556965790641_n.jMASKAD.jpeg 1363w\" sizes=\"auto, (max-width: 682px) 100vw, 682px\" \/><\/figure><div class=\"wp-block-media-text__content\">\n<p><strong>Underr\u00e4ttelsesoldat<\/strong><\/p>\n\n\n\n<p>\u00c4r f\u00f6rbandets vanligaste befattning. Varje underr\u00e4ttelsesoldat har en specialisering:<\/p>\n\n\n\n<ul class=\"wp-block-list\">\n<li>Fordonsf\u00f6rare,<\/li>\n\n\n\n<li>Stridssjukv\u00e5rdare<\/li>\n\n\n\n<li>Signalist<\/li>\n\n\n\n<li>RPAS Pilot<\/li>\n<\/ul>\n\n\n\n<p>Befattningen st\u00e4ller h\u00f6ga krav p\u00e5 den enskilde avseende fysisk f\u00f6rm\u00e5ga och disciplin d\u00e5 man ofta upptr\u00e4der l\u00e5ngt ifr\u00e5n egna f\u00f6rband  under l\u00e5nga perioder.<\/p>\n\n\n\n<p><\/p>\n\n\n\n<p><\/p>\n<\/div><\/div>\n\n\n\n<div class=\"wp-block-media-text is-stacked-on-mobile is-vertically-aligned-center\"><figure class=\"wp-block-media-text__media\"><img loading=\"lazy\" decoding=\"async\" width=\"768\" height=\"1024\" src=\"https:\/\/aroshvund.se\/wp-content\/uploads\/2024\/02\/IMG_0842.MASKAD-768x1024.jpeg\" alt=\"\" class=\"wp-image-106 size-full\" srcset=\"https:\/\/www.aroshvund.se\/wp-content\/uploads\/2024\/02\/IMG_0842.MASKAD-768x1024.jpeg 768w, https:\/\/www.aroshvund.se\/wp-content\/uploads\/2024\/02\/IMG_0842.MASKAD-225x300.jpeg 225w, https:\/\/www.aroshvund.se\/wp-content\/uploads\/2024\/02\/IMG_0842.MASKAD-1152x1536.jpeg 1152w, https:\/\/www.aroshvund.se\/wp-content\/uploads\/2024\/02\/IMG_0842.MASKAD-1536x2048.jpeg 1536w, https:\/\/www.aroshvund.se\/wp-content\/uploads\/2024\/02\/IMG_0842.MASKAD-scaled.jpeg 1920w\" sizes=\"auto, (max-width: 767px) 89vw, (max-width: 1000px) 54vw, (max-width: 1071px) 543px, 580px\" \/><\/figure><div class=\"wp-block-media-text__content\">\n<p><strong> Gruppchef<\/strong> <strong>(St\u00e4llf\u00f6retr\u00e4dande)<\/strong><\/p>\n\n\n\n<p>\u00c4r ansvarig ledare f\u00f6r gruppen och har en viktig del i att optimera anv\u00e4ndandet av gruppens specifika resurser f\u00f6r att l\u00f6sa uppgiften. Detta st\u00e4ller s\u00e4rskilda krav p\u00e5 s\u00e5v\u00e4l planering som genomf\u00f6rande d\u00e5 man ofta \u00e4r v\u00e4ldigt l\u00e5ngt ifr\u00e5n h\u00f6gre chef och upptr\u00e4der sj\u00e4lvst\u00e4ndigt med gruppen. S\u00e4rskilt viktigt \u00e4r f\u00f6rm\u00e5gan till ledning vid snabba f\u00f6r\u00e4ndringar.<\/p>\n<\/div><\/div>\n\n\n\n<div class=\"wp-block-media-text is-stacked-on-mobile is-vertically-aligned-center\"><figure class=\"wp-block-media-text__media\"><img loading=\"lazy\" decoding=\"async\" width=\"768\" height=\"1024\" src=\"https:\/\/aroshvund.se\/wp-content\/uploads\/2024\/02\/IMG_6075.MASKAD-768x1024.jpeg\" alt=\"\" class=\"wp-image-113 size-full\" srcset=\"https:\/\/www.aroshvund.se\/wp-content\/uploads\/2024\/02\/IMG_6075.MASKAD-768x1024.jpeg 768w, https:\/\/www.aroshvund.se\/wp-content\/uploads\/2024\/02\/IMG_6075.MASKAD-225x300.jpeg 225w, https:\/\/www.aroshvund.se\/wp-content\/uploads\/2024\/02\/IMG_6075.MASKAD-1152x1536.jpeg 1152w, https:\/\/www.aroshvund.se\/wp-content\/uploads\/2024\/02\/IMG_6075.MASKAD-1536x2048.jpeg 1536w, https:\/\/www.aroshvund.se\/wp-content\/uploads\/2024\/02\/IMG_6075.MASKAD-scaled.jpeg 1920w\" sizes=\"auto, (max-width: 767px) 89vw, (max-width: 1000px) 54vw, (max-width: 1071px) 543px, 580px\" \/><\/figure><div class=\"wp-block-media-text__content\">\n<p><strong>Stabsassistent \/ Signalist<\/strong><\/p>\n\n\n\n<p>Kompaniledningen best\u00e5r av flera ledningslag som bemannas av stabsassistenter och signalister. F\u00f6r att lyckas i denna roll s\u00e5 b\u00f6r man vara van vid att arbeta strukturerat och ha f\u00f6rst\u00e5else f\u00f6r teknisk utrustning s\u00e5 som datorer och sambandssystem. I plutonsledningen finns \u00e4ven signalister som st\u00f6ttar plutonchefen. Denna tj\u00e4nst \u00e4r betydligt mer f\u00e4ltm\u00e4ssig \u00e4n vid tj\u00e4nst i kompaniledningen. Vid tj\u00e4nst till fots s\u00e5 f\u00f6rv\u00e4ntas man b\u00e4ra sambandssystemet i sin packning vilket adderar en vikt p\u00e5 ca 12kg.<\/p>\n<\/div><\/div>\n\n\n\n<p><\/p>\n","protected":false},"excerpt":{"rendered":"<p>Nedan s\u00e5 presenteras n\u00e5gra av f\u00f6rbandets vanligaste befattningar. \u00c4r du nyfiken p\u00e5 andra? Kontakta oss s\u00e5 ber\u00e4ttar vi mer! Gruppchef (St\u00e4llf\u00f6retr\u00e4dande) \u00c4r ansvarig ledare f\u00f6r gruppen och har en viktig del i att optimera anv\u00e4ndandet av gruppens specifika resurser f\u00f6r att l\u00f6sa uppgiften. Detta st\u00e4ller s\u00e4rskilda krav p\u00e5 s\u00e5v\u00e4l planering som genomf\u00f6rande d\u00e5 man ofta &hellip; <\/p>\n<p class=\"link-more\"><a href=\"https:\/\/www.aroshvund.se\/?page_id=52\" class=\"more-link\">Forts\u00e4tt l\u00e4sa<span class=\"screen-reader-text\"> \u201dBEFATTNINGAR\u201d<\/span><\/a><\/p>\n","protected":false},"author":1,"featured_media":0,"parent":0,"menu_order":0,"comment_status":"closed","ping_status":"closed","template":"","meta":{"footnotes":""},"class_list":["post-52","page","type-page","status-publish","hentry"],"_links":{"self":[{"href":"https:\/\/www.aroshvund.se\/index.php?rest_route=\/wp\/v2\/pages\/52","targetHints":{"allow":["GET"]}}],"collection":[{"href":"https:\/\/www.aroshvund.se\/index.php?rest_route=\/wp\/v2\/pages"}],"about":[{"href":"https:\/\/www.aroshvund.se\/index.php?rest_route=\/wp\/v2\/types\/page"}],"author":[{"embeddable":true,"href":"https:\/\/www.aroshvund.se\/index.php?rest_route=\/wp\/v2\/users\/1"}],"replies":[{"embeddable":true,"href":"https:\/\/www.aroshvund.se\/index.php?rest_route=%2Fwp%2Fv2%2Fcomments&post=52"}],"version-history":[{"count":21,"href":"https:\/\/www.aroshvund.se\/index.php?rest_route=\/wp\/v2\/pages\/52\/revisions"}],"predecessor-version":[{"id":227,"href":"https:\/\/www.aroshvund.se\/index.php?rest_route=\/wp\/v2\/pages\/52\/revisions\/227"}],"wp:attachment":[{"href":"https:\/\/www.aroshvund.se\/index.php?rest_route=%2Fwp%2Fv2%2Fmedia&parent=52"}],"curies":[{"name":"wp","href":"https:\/\/api.w.org\/{rel}","templated":true}]}}