{"id":6,"date":"2024-02-02T18:10:09","date_gmt":"2024-02-02T18:10:09","guid":{"rendered":"https:\/\/aroshvund.se\/?page_id=6"},"modified":"2024-02-05T20:04:34","modified_gmt":"2024-02-05T20:04:34","slug":"hem","status":"publish","type":"page","link":"https:\/\/www.aroshvund.se\/","title":{"rendered":"START"},"content":{"rendered":"\n<p><strong>Aros Hemv\u00e4rnsunderr\u00e4ttelsekompani<\/strong><\/p>\n\n\n\n<p>\u00c4r du redo att g\u00f6ra en verklig skillnad f\u00f6r v\u00e5r nations s\u00e4kerhet? D\u00e5 \u00e4r du precis den vi letar efter! Som en del av v\u00e5rt Hemv\u00e4rnsunder\u00e4ttelsekompani f\u00e5r du chansen att vara en viktig l\u00e4nk i Sveriges f\u00f6rsvar.<\/p>\n\n\n\n<p>F\u00f6rbandstypen skapades 2006 och utvecklades i syfte att f\u00e5 ett renodlat informationsinh\u00e4mtningsf\u00f6rband i Hemv\u00e4rnet. Kompaniets huvuduppgift \u00e4r att yt\u00f6vervaka genom spaning: Fast, r\u00f6rlig, \u00f6ppen eller dold med hj\u00e4lp av sensorer, fordon och flyg. Dom operativa delarna av kompaniet utg\u00f6rs av underr\u00e4ttelseplutonerna som agerar sj\u00e4lvst\u00e4ndigt \u00f6ver stora ytor och l\u00e5ng tid.<\/p>\n\n\n\n<p>V\u00e5ra ledord som \u00e4r h\u00e4mtade ur kompaniets namn \u00e4r f\u00f6ljande:<\/p>\n\n\n\n<p><strong>A<\/strong>nsvar<\/p>\n\n\n\n<p><strong>R<\/strong>edlighet<\/p>\n\n\n\n<p><strong>O<\/strong>rdning<\/p>\n\n\n\n<p><strong>S<\/strong>til<\/p>\n","protected":false},"excerpt":{"rendered":"<p>Aros Hemv\u00e4rnsunderr\u00e4ttelsekompani \u00c4r du redo att g\u00f6ra en verklig skillnad f\u00f6r v\u00e5r nations s\u00e4kerhet? D\u00e5 \u00e4r du precis den vi letar efter! Som en del av v\u00e5rt Hemv\u00e4rnsunder\u00e4ttelsekompani f\u00e5r du chansen att vara en viktig l\u00e4nk i Sveriges f\u00f6rsvar. F\u00f6rbandstypen skapades 2006 och utvecklades i syfte att f\u00e5 ett renodlat informationsinh\u00e4mtningsf\u00f6rband i Hemv\u00e4rnet. Kompaniets huvuduppgift &hellip; <\/p>\n<p class=\"link-more\"><a href=\"https:\/\/www.aroshvund.se\/\" class=\"more-link\">Forts\u00e4tt l\u00e4sa<span class=\"screen-reader-text\"> \u201dSTART\u201d<\/span><\/a><\/p>\n","protected":false},"author":1,"featured_media":0,"parent":0,"menu_order":0,"comment_status":"closed","ping_status":"closed","template":"","meta":{"footnotes":""},"class_list":["post-6","page","type-page","status-publish","hentry"],"_links":{"self":[{"href":"https:\/\/www.aroshvund.se\/index.php?rest_route=\/wp\/v2\/pages\/6","targetHints":{"allow":["GET"]}}],"collection":[{"href":"https:\/\/www.aroshvund.se\/index.php?rest_route=\/wp\/v2\/pages"}],"about":[{"href":"https:\/\/www.aroshvund.se\/index.php?rest_route=\/wp\/v2\/types\/page"}],"author":[{"embeddable":true,"href":"https:\/\/www.aroshvund.se\/index.php?rest_route=\/wp\/v2\/users\/1"}],"replies":[{"embeddable":true,"href":"https:\/\/www.aroshvund.se\/index.php?rest_route=%2Fwp%2Fv2%2Fcomments&post=6"}],"version-history":[{"count":10,"href":"https:\/\/www.aroshvund.se\/index.php?rest_route=\/wp\/v2\/pages\/6\/revisions"}],"predecessor-version":[{"id":225,"href":"https:\/\/www.aroshvund.se\/index.php?rest_route=\/wp\/v2\/pages\/6\/revisions\/225"}],"wp:attachment":[{"href":"https:\/\/www.aroshvund.se\/index.php?rest_route=%2Fwp%2Fv2%2Fmedia&parent=6"}],"curies":[{"name":"wp","href":"https:\/\/api.w.org\/{rel}","templated":true}]}}